{"id":866,"date":"2019-06-18T14:27:46","date_gmt":"2019-06-18T11:27:46","guid":{"rendered":"http:\/\/alfadestek.com\/ucaksavar\/?page_id=866"},"modified":"2019-06-27T13:45:45","modified_gmt":"2019-06-27T10:45:45","slug":"belediye","status":"publish","type":"page","link":"https:\/\/www.ucaksavarsitesi1959.com\/index.php\/linkler\/belediye\/","title":{"rendered":"Belediye"},"content":{"rendered":"<div><strong>Be\u015fikta\u015f Belediyesi Levent Hizmet Binas\u0131<\/strong><\/div>\n<div><strong>\u00c7a\u011fr\u0131 Merkezi: 444 44 55<\/strong><\/div>\n<div><strong>Adres:\u00a0<\/strong>Nisbetiye Mahallesi\u00a0Aytar Caddesi Ba\u015fl\u0131k Sokak No:1 Be\u015fikta\u015f &#8211; \u0130stanbul<br \/>\n<strong>Telefon:\u00a0<\/strong>(0212) 319 42 42<\/div>\n<div><a href=\"http:\/\/www.besiktas.bel.tr\/\">http:\/\/www.besiktas.bel.tr\/<\/a><\/div>\n<div><\/div>\n<div><strong>Be\u015fikta\u015f Belediyesi \u00c7\u0131ra\u011fan Hizmet Binas\u0131<\/strong><\/div>\n<div><strong>Adres:\u00a0<\/strong>Y\u0131ld\u0131z Mahallesi \u00c7\u0131ra\u011fan Caddesi No:77 Be\u015fikta\u015f &#8211; \u0130stanbul<br \/>\n<strong>Telefon:\u00a0<\/strong>(0212) 236 10 20<\/div>\n<div>\n<div><\/div>\n<div><strong>Zab\u0131ta M\u00fcd\u00fcrl\u00fc\u011f\u00fc<\/strong><\/div>\n<div><strong>Adres :\u00a0<\/strong>\u00c7\u0131ra\u011fan Caddesi No:77 Be\u015fikta\u015f \u0130stanbul<br \/>\n<strong>Tel: <\/strong>0212 260 60 05<br \/>\n<strong>Mail: <\/strong><a href=\"mailto:zabitamd@besiktas.bel.tr\">zabitamd@besiktas.bel.tr<br \/>\n<\/a><\/div>\n<div><\/div>\n<div><strong>Zbt. B\u00fcro Amirli\u011fi:<\/strong><\/div>\n<p><strong>Tel :\u00a0<\/strong>0212 236 10 20 (Dahili:108 &#8211; 119)<br \/>\n<strong>Tel: <\/strong>0212 260 60 05 (Dahili: 108 &#8211; 119)<br \/>\n<strong>Tel\/Faks: <\/strong>0212 327 13 80<br \/>\n<strong>Mail:<\/strong>\u00a0<a href=\"mailto:zabita@besiktas.bel.tr\">zabita@besiktas.bel.tr<\/a><\/p>\n<\/div>\n","protected":false},"excerpt":{"rendered":"<p>Be\u015fikta\u015f Belediyesi Levent Hizmet Binas\u0131 \u00c7a\u011fr\u0131 Merkezi: 444 44 55 Adres:\u00a0Nisbetiye Mahallesi\u00a0Aytar Caddesi Ba\u015fl\u0131k Sokak No:1 Be\u015fikta\u015f &#8211; \u0130stanbul Telefon:\u00a0(0212) 319 42 42 http:\/\/www.besiktas.bel.tr\/ Be\u015fikta\u015f Belediyesi \u00c7\u0131ra\u011fan Hizmet Binas\u0131 Adres:\u00a0Y\u0131ld\u0131z Mahallesi \u00c7\u0131ra\u011fan Caddesi No:77 Be\u015fikta\u015f &#8211; \u0130stanbul Telefon:\u00a0(0212) 236 10&hellip;<\/p>\n","protected":false},"author":1,"featured_media":0,"parent":845,"menu_order":0,"comment_status":"closed","ping_status":"closed","template":"","meta":{"footnotes":""},"class_list":["post-866","page","type-page","status-publish","hentry"],"_links":{"self":[{"href":"https:\/\/www.ucaksavarsitesi1959.com\/index.php\/wp-json\/wp\/v2\/pages\/866","targetHints":{"allow":["GET"]}}],"collection":[{"href":"https:\/\/www.ucaksavarsitesi1959.com\/index.php\/wp-json\/wp\/v2\/pages"}],"about":[{"href":"https:\/\/www.ucaksavarsitesi1959.com\/index.php\/wp-json\/wp\/v2\/types\/page"}],"author":[{"embeddable":true,"href":"https:\/\/www.ucaksavarsitesi1959.com\/index.php\/wp-json\/wp\/v2\/users\/1"}],"replies":[{"embeddable":true,"href":"https:\/\/www.ucaksavarsitesi1959.com\/index.php\/wp-json\/wp\/v2\/comments?post=866"}],"version-history":[{"count":5,"href":"https:\/\/www.ucaksavarsitesi1959.com\/index.php\/wp-json\/wp\/v2\/pages\/866\/revisions"}],"predecessor-version":[{"id":1115,"href":"https:\/\/www.ucaksavarsitesi1959.com\/index.php\/wp-json\/wp\/v2\/pages\/866\/revisions\/1115"}],"up":[{"embeddable":true,"href":"https:\/\/www.ucaksavarsitesi1959.com\/index.php\/wp-json\/wp\/v2\/pages\/845"}],"wp:attachment":[{"href":"https:\/\/www.ucaksavarsitesi1959.com\/index.php\/wp-json\/wp\/v2\/media?parent=866"}],"curies":[{"name":"wp","href":"https:\/\/api.w.org\/{rel}","templated":true}]}}