{"id":864,"date":"2019-06-18T14:26:33","date_gmt":"2019-06-18T11:26:33","guid":{"rendered":"http:\/\/alfadestek.com\/ucaksavar\/?page_id=864"},"modified":"2019-06-18T14:26:33","modified_gmt":"2019-06-18T11:26:33","slug":"polis-merkezi","status":"publish","type":"page","link":"https:\/\/www.ucaksavarsitesi1959.com\/index.php\/linkler\/polis-merkezi\/","title":{"rendered":"Polis Merkezi"},"content":{"rendered":"<p><strong><strong class=\"klink\">Etiler \u015eehit Naci Soydan Polis Merkezi<\/strong><\/strong><br \/>\n<strong><strong class=\"klink\">Adres<\/strong>:\u00a0<\/strong>Etiler Mah. Selviler Sk. No:6 Be\u015fikta\u015f<br \/>\n<strong><strong class=\"klink\">Telefon<\/strong>1:<\/strong>\u00a00 212 263 17 67<\/p>\n<p><strong><a href=\"https:\/\/www.google.com\/maps\/place\/41.07789541.077895+29.033727\/@41.018325,28.939018,12z\/data=!3m1!4b1!4m2!3m1!1s0x0:0x0?hl=tr-TR\">HAR\u0130TA<\/a><\/strong><\/p>\n<p><strong>Be\u015fikta\u015f \u0130l\u00e7e Emniyet M\u00fcd\u00fcrl\u00fc\u011f\u00fc<\/strong><\/p>\n<p><strong>Adres:<\/strong>\u00a0\u00c7\u0131ra\u011fan Cad. Y\u0131ld\u0131z Park\u0131 Alt Giri\u015fi No:81 Be\u015fikta\u015f<\/p>\n<p><strong>Email:\u00a0<a href=\"http:\/\/istanbulbesiktas@egm.gov.tr\/\">istanbulbesiktas@egm.gov.tr<\/a><\/strong><\/p>\n<p><b>Web:\u00a0<\/b><strong><a href=\"http:\/\/www.istanbul.pol.tr\/besiktas\/Sayfalar\/default.aspx\">http:\/\/www.istanbul.pol.tr\/besiktas\/Sayfalar\/default.aspx<\/a><\/strong><\/p>\n<p><a href=\"https:\/\/www.google.com\/maps\/place\/41.044559+29.016571\/@41.018325,28.939018,12z\/data=!3m1!4b1!4m2!3m1!1s0x0:0x0?hl=tr-TR\">HAR\u0130TA<\/a><\/p>\n","protected":false},"excerpt":{"rendered":"<p>Etiler \u015eehit Naci Soydan Polis Merkezi Adres:\u00a0Etiler Mah. Selviler Sk. No:6 Be\u015fikta\u015f Telefon1:\u00a00 212 263 17 67 HAR\u0130TA Be\u015fikta\u015f \u0130l\u00e7e Emniyet M\u00fcd\u00fcrl\u00fc\u011f\u00fc Adres:\u00a0\u00c7\u0131ra\u011fan Cad. Y\u0131ld\u0131z Park\u0131 Alt Giri\u015fi No:81 Be\u015fikta\u015f Email:\u00a0istanbulbesiktas@egm.gov.tr Web:\u00a0http:\/\/www.istanbul.pol.tr\/besiktas\/Sayfalar\/default.aspx HAR\u0130TA<\/p>\n","protected":false},"author":1,"featured_media":0,"parent":845,"menu_order":0,"comment_status":"closed","ping_status":"closed","template":"","meta":{"footnotes":""},"class_list":["post-864","page","type-page","status-publish","hentry"],"_links":{"self":[{"href":"https:\/\/www.ucaksavarsitesi1959.com\/index.php\/wp-json\/wp\/v2\/pages\/864","targetHints":{"allow":["GET"]}}],"collection":[{"href":"https:\/\/www.ucaksavarsitesi1959.com\/index.php\/wp-json\/wp\/v2\/pages"}],"about":[{"href":"https:\/\/www.ucaksavarsitesi1959.com\/index.php\/wp-json\/wp\/v2\/types\/page"}],"author":[{"embeddable":true,"href":"https:\/\/www.ucaksavarsitesi1959.com\/index.php\/wp-json\/wp\/v2\/users\/1"}],"replies":[{"embeddable":true,"href":"https:\/\/www.ucaksavarsitesi1959.com\/index.php\/wp-json\/wp\/v2\/comments?post=864"}],"version-history":[{"count":1,"href":"https:\/\/www.ucaksavarsitesi1959.com\/index.php\/wp-json\/wp\/v2\/pages\/864\/revisions"}],"predecessor-version":[{"id":865,"href":"https:\/\/www.ucaksavarsitesi1959.com\/index.php\/wp-json\/wp\/v2\/pages\/864\/revisions\/865"}],"up":[{"embeddable":true,"href":"https:\/\/www.ucaksavarsitesi1959.com\/index.php\/wp-json\/wp\/v2\/pages\/845"}],"wp:attachment":[{"href":"https:\/\/www.ucaksavarsitesi1959.com\/index.php\/wp-json\/wp\/v2\/media?parent=864"}],"curies":[{"name":"wp","href":"https:\/\/api.w.org\/{rel}","templated":true}]}}