{"id":748,"date":"2019-06-18T11:11:32","date_gmt":"2019-06-18T08:11:32","guid":{"rendered":"http:\/\/alfadestek.com\/ucaksavar\/?page_id=748"},"modified":"2019-06-18T11:11:32","modified_gmt":"2019-06-18T08:11:32","slug":"blok-apartman-gorevlileri","status":"publish","type":"page","link":"https:\/\/www.ucaksavarsitesi1959.com\/index.php\/yonetim\/blok-apartman-gorevlileri\/","title":{"rendered":"Blok &#8211; Apartman G\u00f6revlileri"},"content":{"rendered":"<div class=\"wpb-content-wrapper\"><p>[vc_row][vc_column width=&#8221;1\/6&#8243;][\/vc_column][vc_column width=&#8221;2\/3&#8243;][vc_column_text]\n<table id=\"tablepress-2\" class=\"tablepress tablepress-id-2\">\n<thead>\n<tr class=\"row-1\">\n\t<th class=\"column-1\">SIRA<\/th><th class=\"column-2\">BLOK ADI<\/th><th class=\"column-3\">BLOK - APARTMAN G\u00d6REVL\u0130S\u0130<\/th>\n<\/tr>\n<\/thead>\n<tbody class=\"row-striping row-hover\">\n<tr class=\"row-2\">\n\t<td class=\"column-1\">1<\/td><td class=\"column-2\">ANT-\u015e\u00d6LEN-YASA-TUNCA\t<\/td><td class=\"column-3\"><\/td>\n<\/tr>\n<tr class=\"row-3\">\n\t<td class=\"column-1\">2<\/td><td class=\"column-2\">BA\u015eAK-\u00c7\u0130MEN\t<\/td><td class=\"column-3\"><\/td>\n<\/tr>\n<tr class=\"row-4\">\n\t<td class=\"column-1\">3<\/td><td class=\"column-2\">BEGONYA\t<\/td><td class=\"column-3\"><\/td>\n<\/tr>\n<tr class=\"row-5\">\n\t<td class=\"column-1\">4<\/td><td class=\"column-2\">BO\u011eAZ-\u00c7\u0130\u00c7EK-FAT\u0130H-EMEK\t<\/td><td class=\"column-3\"><\/td>\n<\/tr>\n<tr class=\"row-6\">\n\t<td class=\"column-1\">5<\/td><td class=\"column-2\">BOZKURT-G\u00d6KT\u00dcRK-YAVUZ-KUTLUK<\/td><td class=\"column-3\"><\/td>\n<\/tr>\n<tr class=\"row-7\">\n\t<td class=\"column-1\">6<\/td><td class=\"column-2\">\u00c7INAR<\/td><td class=\"column-3\"><\/td>\n<\/tr>\n<tr class=\"row-8\">\n\t<td class=\"column-1\">7<\/td><td class=\"column-2\">DEFNE<\/td><td class=\"column-3\"><\/td>\n<\/tr>\n<tr class=\"row-9\">\n\t<td class=\"column-1\">8<\/td><td class=\"column-2\">DEN\u0130Z<\/td><td class=\"column-3\"><\/td>\n<\/tr>\n<tr class=\"row-10\">\n\t<td class=\"column-1\">9<\/td><td class=\"column-2\">DERE-IRMAK-PINAR\t<\/td><td class=\"column-3\"><\/td>\n<\/tr>\n<tr class=\"row-11\">\n\t<td class=\"column-1\">10<\/td><td class=\"column-2\">D\u0130CLE-G\u00dcL\t<\/td><td class=\"column-3\"><\/td>\n<\/tr>\n<tr class=\"row-12\">\n\t<td class=\"column-1\">11<\/td><td class=\"column-2\">G\u00d6K\u015e\u0130N<\/td><td class=\"column-3\"><\/td>\n<\/tr>\n<tr class=\"row-13\">\n\t<td class=\"column-1\">12<\/td><td class=\"column-2\">LALE<br \/>\n<\/td><td class=\"column-3\"><\/td>\n<\/tr>\n<tr class=\"row-14\">\n\t<td class=\"column-1\">13<\/td><td class=\"column-2\">LEYLAK-ZAMBAK-YONCA\t<\/td><td class=\"column-3\"><\/td>\n<\/tr>\n<tr class=\"row-15\">\n\t<td class=\"column-1\">14<\/td><td class=\"column-2\">MANOLYA \u2013 KR\u0130ZANTEM\t<\/td><td class=\"column-3\"><\/td>\n<\/tr>\n<tr class=\"row-16\">\n\t<td class=\"column-1\">15<\/td><td class=\"column-2\">MER\u0130\u00c7 \u2013 ERGENEKON-ARDA\t<\/td><td class=\"column-3\"><\/td>\n<\/tr>\n<tr class=\"row-17\">\n\t<td class=\"column-1\">16<\/td><td class=\"column-2\">N\u0130L \u2013 T\u00dcRE\t<\/td><td class=\"column-3\"><\/td>\n<\/tr>\n<tr class=\"row-18\">\n\t<td class=\"column-1\">17<\/td><td class=\"column-2\">ORK\u0130DE\t<\/td><td class=\"column-3\"><\/td>\n<\/tr>\n<tr class=\"row-19\">\n\t<td class=\"column-1\">18<\/td><td class=\"column-2\">PAM\u0130R<\/td><td class=\"column-3\"><\/td>\n<\/tr>\n<tr class=\"row-20\">\n\t<td class=\"column-1\">19<\/td><td class=\"column-2\">PIRLANTA-G\u00dcZEY-Z\u00dcMR\u00dcT\t<\/td><td class=\"column-3\"><\/td>\n<\/tr>\n<tr class=\"row-21\">\n\t<td class=\"column-1\">20<\/td><td class=\"column-2\">SAKARYA-FIRAT-MENEK\u015eE\t<\/td><td class=\"column-3\"><\/td>\n<\/tr>\n<tr class=\"row-22\">\n\t<td class=\"column-1\">21<\/td><td class=\"column-2\">SEYHAN -CEYHAN\t<\/td><td class=\"column-3\"><\/td>\n<\/tr>\n<tr class=\"row-23\">\n\t<td class=\"column-1\">22<\/td><td class=\"column-2\">TOROS-ILGAZ\t<\/td><td class=\"column-3\"><\/td>\n<\/tr>\n<\/tbody>\n<\/table>\n<!-- #tablepress-2 from cache -->[\/vc_column_text][\/vc_column][vc_column width=&#8221;1\/6&#8243;][\/vc_column][\/vc_row]<\/p>\n<\/div>","protected":false},"excerpt":{"rendered":"<p>[vc_row][vc_column width=&#8221;1\/6&#8243;][\/vc_column][vc_column width=&#8221;2\/3&#8243;][vc_column_text][\/vc_column_text][\/vc_column][vc_column width=&#8221;1\/6&#8243;][\/vc_column][\/vc_row]<\/p>\n","protected":false},"author":1,"featured_media":0,"parent":722,"menu_order":0,"comment_status":"closed","ping_status":"closed","template":"","meta":{"footnotes":""},"class_list":["post-748","page","type-page","status-publish","hentry"],"_links":{"self":[{"href":"https:\/\/www.ucaksavarsitesi1959.com\/index.php\/wp-json\/wp\/v2\/pages\/748","targetHints":{"allow":["GET"]}}],"collection":[{"href":"https:\/\/www.ucaksavarsitesi1959.com\/index.php\/wp-json\/wp\/v2\/pages"}],"about":[{"href":"https:\/\/www.ucaksavarsitesi1959.com\/index.php\/wp-json\/wp\/v2\/types\/page"}],"author":[{"embeddable":true,"href":"https:\/\/www.ucaksavarsitesi1959.com\/index.php\/wp-json\/wp\/v2\/users\/1"}],"replies":[{"embeddable":true,"href":"https:\/\/www.ucaksavarsitesi1959.com\/index.php\/wp-json\/wp\/v2\/comments?post=748"}],"version-history":[{"count":1,"href":"https:\/\/www.ucaksavarsitesi1959.com\/index.php\/wp-json\/wp\/v2\/pages\/748\/revisions"}],"predecessor-version":[{"id":749,"href":"https:\/\/www.ucaksavarsitesi1959.com\/index.php\/wp-json\/wp\/v2\/pages\/748\/revisions\/749"}],"up":[{"embeddable":true,"href":"https:\/\/www.ucaksavarsitesi1959.com\/index.php\/wp-json\/wp\/v2\/pages\/722"}],"wp:attachment":[{"href":"https:\/\/www.ucaksavarsitesi1959.com\/index.php\/wp-json\/wp\/v2\/media?parent=748"}],"curies":[{"name":"wp","href":"https:\/\/api.w.org\/{rel}","templated":true}]}}