{"id":228,"date":"2018-07-11T16:59:20","date_gmt":"2018-07-11T13:59:20","guid":{"rendered":"http:\/\/apressthemes.com\/acorp\/demo4\/?page_id=228"},"modified":"2024-12-29T19:13:10","modified_gmt":"2024-12-29T16:13:10","slug":"corporate-2","status":"publish","type":"page","link":"https:\/\/www.ucaksavarsitesi1959.com\/","title":{"rendered":"ANASAYFA"},"content":{"rendered":"<div class=\"wpb-content-wrapper\"><p>[vc_row equal_height=&#8221;yes&#8221; content_placement=&#8221;middle&#8221; css=&#8221;.vc_custom_1531331622149{margin-top: 0px !important;padding-top: 20px !important;padding-bottom: 80px !important;}&#8221;][vc_column width=&#8221;1\/2&#8243;][apress_heading sub_title=&#8221;&#8221; content_alignment=&#8221;left&#8221; enable_delimiter=&#8221;&#8221; color_scheme=&#8221;design_your_own&#8221; main_heading_color=&#8221;#333333&#8243; style=&#8221;heading_style1&#8243; title_font_options=&#8221;tag:h2|letter_spacing:1|font_style_bold:1&#8243; subtitle_font_options=&#8221;tag:div|letter_spacing:1&#8243; subheading_margin=&#8221;margin-bottom:30&#8243; heading_margin=&#8221;margin-top:20|margin-bottom:20&#8243;]U\u00e7aksavar Sitesi[\/apress_heading][vc_column_text]<\/p>\n<p style=\"text-align: justify;\">U\u00e7aksavar Sitesi, \u0130stanbulun en de\u011ferli semtlerinden Be\u015fikta\u015f il\u00e7esi Etiler Mahallesinde, Bo\u011fazi\u00e7i \u00dcniversitesine, Fatih Sultan Mehmet, 15 Temmuz \u015eehitler k\u00f6pr\u00fclerine, Hisar\u00fcst\u00fc-Levent metrosuna ve di\u011fer ula\u015f\u0131m ara\u00e7lar\u0131na yak\u0131n olan mevkide, tek parsel 128.396 M2 tapulu arsa \u00fczerinde kurulmu\u015ftur.<\/p>\n<p style=\"text-align: justify;\">Fatih Sultan Mehmet K\u00f6pr\u00fcs\u00fcn\u00fcn in\u015faat\u0131 nedeniyle, karayollar\u0131 taraf\u0131ndan 1986 y\u0131l\u0131nda yap\u0131lan kamula\u015ft\u0131rmalar nedeniyle mevcut arsam\u0131z 94.893 M2\u2019dir.<\/p>\n<p style=\"text-align: justify;\">Sitemiz, ye\u015fillikler i\u00e7ersinde, g\u00fcvenli\u011fi olan, y\u00fcr\u00fcy\u00fc\u015f yollar\u0131, a\u00e7\u0131k hava spor sahas\u0131, oyun park\u0131 olan yakla\u015f\u0131k 1.400 ki\u015finin ya\u015fad\u0131\u011f\u0131, 3-5-8 katl\u0131 binalar\u0131n yer ald\u0131\u011f\u0131, etraf\u0131 s\u0131n\u0131r duvarlar\u0131 ile \u00e7evrilmi\u015ftir.<\/p>\n<p>[\/vc_column_text][apress_button button_text=&#8221;Detayl\u0131 Bilgi&#8221; button_size=&#8221;medium&#8221; box_shadow=&#8221;box_shadow_enable:enable|shadow_horizontal:3|shadow_vertical:5|shadow_blur:25|shadow_spread:0|box_shadow_color:rgba(0%2C0%2C0%2C0.37)&#8221; box_hover_shadow=&#8221;box_shadow_enable:enable|shadow_horizontal:5|shadow_vertical:15|shadow_blur:25|shadow_spread:0|box_shadow_color:rgba(0%2C80%2C239%2C0.43)&#8221; button_swing=&#8221;yes&#8221; icon_family=&#8221;fontawesome&#8221; icon_fontawesome=&#8221;fa fa-long-arrow-right&#8221; icon_color=&#8221;#ffffff&#8221; button_shape=&#8221;style7&#8243; button_link=&#8221;url:https%3A%2F%2Fwww.ucaksavarsitesi1959.com%2Findex.php%2Fsitemiz%2Ftarihce%2F|title:Tarih%C3%A7e||&#8221;][\/vc_column][vc_column width=&#8221;1\/2&#8243; apress_column_hover_effect=&#8221;zoomin&#8221;][vc_row_inner][vc_column_inner][vc_video link=&#8221;https:\/\/www.youtube.com\/watch?v=Cf-PaxiWNus&#8221; align=&#8221;center&#8221;][\/vc_column_inner][\/vc_row_inner][\/vc_column][\/vc_row][vc_row full_width=&#8221;stretch_row_content_no_spaces&#8221;][vc_column width=&#8221;1\/4&#8243; css=&#8221;.vc_custom_1538551729746{padding-right: 0px !important;padding-left: 0px !important;}&#8221; el_class=&#8221;custom_sidebar&#8221;]\r\n<!--Image Box Start-->\r\n\r\n<div id=\"zolo_imagebox_new_153698654269e73f60bb560\" class=\"zolo_imagebox_new_wrapper new_imagebox_style10 noanimation\" data-animation =\"No Animation\" data-delay =\"500\">\r\n  <div class=\"zolo_imagebox_new_box\">\r\n        <div class=\"zolo_thumbnail\" style=\"background:url(https:\/\/www.ucaksavarsitesi1959.com\/wp-content\/uploads\/2019\/06\/IMG_2568-e1559984672111-scaled.jpg) no-repeat center center; -moz-background-size:cover;-webkit-background-size:cover;-o-background-size:cover;-ms-background-size:cover;background-size:cover; height:300px;\"><\/div>\r\n        <div class=\"zolo_imagebox_new_content\">\r\n      <div class=\"zolo_imagebox_new_title_des\">\r\n        <h2 class=\"entry-title zolo_imagebox_new_title\" style=\"color:#dd9933; \">        \u0130stanbul'un En De\u011ferli Semti <\/h2>                <span class=\"zolo_imagebox_description\" style=\"color:#686868; \">        U\u00e7aksavar Sitesi, \u0130stanbulun en de\u011ferli semtlerinden Ba\u015fikta\u015f il\u00e7esi Etiler Mahallesinde... <\/span> <\/div>\r\n            <a class=\"zolo_readmore_button\" title=\"\" href=\"http:\/\/www.ucaksavarsitesi1959.com\/index.php\/sitemiz\/tarihce\/\" target=\"_self\" rel=\"\"> <span class=\"zolo_readmore_button_text\" style=\"\">Detayl\u0131 Bilgi<\/span> <span class=\"zolo_readmore_button_icon\"><i class=\"fa fa-adjust\"><\/i><\/span> <\/a>\r\n          <\/div>\r\n  <\/div>\r\n<\/div>\r\n<!--Image Box End-->\r\n\r\n[\/vc_column][vc_column width=&#8221;1\/4&#8243; el_class=&#8221;custom_sidebar&#8221;]\r\n<!--Image Box Start-->\r\n\r\n<div id=\"zolo_imagebox_new_49319775569e73f60bbf36\" class=\"zolo_imagebox_new_wrapper new_imagebox_style10 noanimation\" data-animation =\"No Animation\" data-delay =\"500\">\r\n  <div class=\"zolo_imagebox_new_box\">\r\n        <div class=\"zolo_thumbnail\" style=\"background:url(https:\/\/www.ucaksavarsitesi1959.com\/wp-content\/uploads\/2019\/06\/foto01-1.jpg) no-repeat center center; -moz-background-size:cover;-webkit-background-size:cover;-o-background-size:cover;-ms-background-size:cover;background-size:cover; height:300px;\"><\/div>\r\n        <div class=\"zolo_imagebox_new_content\">\r\n      <div class=\"zolo_imagebox_new_title_des\">\r\n        <h2 class=\"entry-title zolo_imagebox_new_title\" style=\"color:#dd9933; \">        Ye\u015fillikler \u0130\u00e7erisinde... <\/h2>                <span class=\"zolo_imagebox_description\" style=\"color:#686868; \">        U\u00e7aksavar Sitesi, \u0130stanbulun en de\u011ferli semtlerinden Ba\u015fikta\u015f il\u00e7esi Etiler Mahallesinde... <\/span> <\/div>\r\n            <a class=\"zolo_readmore_button\" title=\"\" href=\"http:\/\/www.ucaksavarsitesi1959.com\/index.php\/sitemiz\/tarihce\/\" target=\"_self\" rel=\"\"> <span class=\"zolo_readmore_button_text\" style=\"\">Detayl\u0131 Bilgi<\/span> <span class=\"zolo_readmore_button_icon\"><i class=\"fa fa-adjust\"><\/i><\/span> <\/a>\r\n          <\/div>\r\n  <\/div>\r\n<\/div>\r\n<!--Image Box End-->\r\n\r\n[\/vc_column][vc_column width=&#8221;1\/4&#8243; el_class=&#8221;custom_sidebar&#8221;]\r\n<!--Image Box Start-->\r\n\r\n<div id=\"zolo_imagebox_new_85218421869e73f60bc73d\" class=\"zolo_imagebox_new_wrapper new_imagebox_style10 noanimation\" data-animation =\"No Animation\" data-delay =\"500\">\r\n  <div class=\"zolo_imagebox_new_box\">\r\n        <div class=\"zolo_thumbnail\" style=\"background:url(https:\/\/www.ucaksavarsitesi1959.com\/wp-content\/uploads\/2019\/06\/foto3-1-1.jpg) no-repeat center center; -moz-background-size:cover;-webkit-background-size:cover;-o-background-size:cover;-ms-background-size:cover;background-size:cover; height:300px;\"><\/div>\r\n        <div class=\"zolo_imagebox_new_content\">\r\n      <div class=\"zolo_imagebox_new_title_des\">\r\n        <h2 class=\"entry-title zolo_imagebox_new_title\" style=\"color:#dd9933; \">        \u00c7ocuk Oyun Alanlar\u0131 <\/h2>                <span class=\"zolo_imagebox_description\" style=\"color:#686868; \">        U\u00e7aksavar Sitesi, \u0130stanbulun en de\u011ferli semtlerinden Ba\u015fikta\u015f il\u00e7esi Etiler Mahallesinde... <\/span> <\/div>\r\n            <a class=\"zolo_readmore_button\" title=\"\" href=\"http:\/\/www.ucaksavarsitesi1959.com\/index.php\/sitemiz\/tarihce\/\" target=\"_self\" rel=\"\"> <span class=\"zolo_readmore_button_text\" style=\"\">Detayl\u0131 Bilgi<\/span> <span class=\"zolo_readmore_button_icon\"><i class=\"fa fa-adjust\"><\/i><\/span> <\/a>\r\n          <\/div>\r\n  <\/div>\r\n<\/div>\r\n<!--Image Box End-->\r\n\r\n[\/vc_column][vc_column width=&#8221;1\/4&#8243; el_class=&#8221;custom_sidebar&#8221;]\r\n<!--Image Box Start-->\r\n\r\n<div id=\"zolo_imagebox_new_1371613069e73f60bcf23\" class=\"zolo_imagebox_new_wrapper new_imagebox_style10 noanimation\" data-animation =\"No Animation\" data-delay =\"500\">\r\n  <div class=\"zolo_imagebox_new_box\">\r\n        <div class=\"zolo_thumbnail\" style=\"background:url(https:\/\/www.ucaksavarsitesi1959.com\/wp-content\/uploads\/2019\/06\/PHOTO-2018-07-26-16-27-17.jpg) no-repeat center center; -moz-background-size:cover;-webkit-background-size:cover;-o-background-size:cover;-ms-background-size:cover;background-size:cover; height:300px;\"><\/div>\r\n        <div class=\"zolo_imagebox_new_content\">\r\n      <div class=\"zolo_imagebox_new_title_des\">\r\n        <h2 class=\"entry-title zolo_imagebox_new_title\" style=\"color:#dd9933; \">        E\u015fsiz \u0130stanbul Manzaras\u0131 <\/h2>                <span class=\"zolo_imagebox_description\" style=\"color:#686868; \">        U\u00e7aksavar Sitesi, \u0130stanbulun en de\u011ferli semtlerinden Ba\u015fikta\u015f il\u00e7esi Etiler Mahallesinde... <\/span> <\/div>\r\n            <a class=\"zolo_readmore_button\" title=\"\" href=\"http:\/\/www.ucaksavarsitesi1959.com\/index.php\/sitemiz\/tarihce\/\" target=\"_self\" rel=\"\"> <span class=\"zolo_readmore_button_text\" style=\"\">Detayl\u0131 Bilgi<\/span> <span class=\"zolo_readmore_button_icon\"><i class=\"fa fa-adjust\"><\/i><\/span> <\/a>\r\n          <\/div>\r\n  <\/div>\r\n<\/div>\r\n<!--Image Box End-->\r\n\r\n[\/vc_column][\/vc_row][vc_row full_width=&#8221;stretch_row&#8221; equal_height=&#8221;yes&#8221; content_placement=&#8221;middle&#8221; bg_type=&#8221;image&#8221; parallax_style=&#8221;vcpb-animated&#8221; bg_image_new=&#8221;id^633|url^http:\/\/alfadestek.com\/ucaksavar\/wp-content\/uploads\/2019\/06\/AdobeStock_4072205014333444444666.jpg|caption^null|alt^null|title^Bosphorus Bridge at the night 8|description^null&#8221; css=&#8221;.vc_custom_1559985782151{padding-top: 20px !important;padding-bottom: 60px !important;}&#8221;][vc_column][apress_heading sub_title=&#8221;Sitemizin var olan g\u00fczelliklerinin korunmas\u0131na \u00e7al\u0131\u015f\u0131lmas\u0131d\u0131r.&#8221; enable_delimiter=&#8221;&#8221; color_scheme=&#8221;design_your_own&#8221; main_heading_color=&#8221;#ffffff&#8221; style=&#8221;heading_style1&#8243; title_font_options=&#8221;tag:h2|font_style_bold:1&#8243; subtitle_font_options=&#8221;tag:h5|color:%23ffffff&#8221;]Misyonumuz[\/apress_heading][\/vc_column][\/vc_row][vc_row css=&#8221;.vc_custom_1559995519153{padding-top: 50px !important;}&#8221;][vc_column css=&#8221;.vc_custom_1540907643852{padding-top: 0px !important;}&#8221;][apress_heading sub_title=&#8221;&#8221; content_alignment=&#8221;left&#8221; enable_delimiter=&#8221;&#8221; style=&#8221;heading_style1&#8243; title_font_options=&#8221;tag:h2&#8243; subtitle_font_options=&#8221;tag:div&#8221;]Haberler &amp; Duyurular[\/apress_heading]<div class=\"apress-spacer spacer-69e73f60bd6df\" data-id=\"69e73f60bd6df\" data-height=\"\" data-height-mobile=\"\" data-height-tab=\"\" data-height-tab-portrait=\"\" data-height-mobile-landscape=\"\" style=\"clear:both;display:block;\"><\/div><div class=\"apress-spacer spacer-69e73f60bd709\" data-id=\"69e73f60bd709\" data-height=\"\" data-height-mobile=\"\" data-height-tab=\"\" data-height-tab-portrait=\"\" data-height-mobile-landscape=\"\" style=\"clear:both;display:block;\"><\/div>[apress_blog_styles category=&#8221;all&#8221; num=&#8221;3&#8243; blgcrslcolprw=&#8221;Three&#8221; box_shadow4=&#8221;box_shadow_enable:enable|shadow_horizontal:2|shadow_vertical:2|shadow_blur:7|shadow_spread:0|box_shadow_color:rgba(0%2C0%2C0%2C0.2)&#8221; blgshowfilter=&#8221;&#8221; style=&#8221;style8&#8243;][\/vc_column][\/vc_row][vc_row full_width=&#8221;stretch_row_content_no_spaces&#8221;][vc_column css=&#8221;.vc_custom_1540907643852{padding-top: 0px !important;}&#8221;][vc_gmaps link=&#8221;#E-8_JTNDaWZyYW1lJTIwc3JjJTNEJTIyaHR0cHMlM0ElMkYlMkZ3d3cuZ29vZ2xlLmNvbSUyRm1hcHMlMkZlbWJlZCUzRnBiJTNEJTIxMW0xOCUyMTFtMTIlMjExbTMlMjExZDMwMDcuMTAyMTI3ODQ2NzE2NSUyMTJkMjkuMDM1NzI0ODY0ODI4NjYlMjEzZDQxLjA4ODYxNTE3MjQyNzI0JTIxMm0zJTIxMWYwJTIxMmYwJTIxM2YwJTIxM20yJTIxMWkxMDI0JTIxMmk3NjglMjE0ZjEzLjElMjEzbTMlMjExbTIlMjExczB4MCUyNTNBMHhjYTRlMGJkZDhiMGVhZmQxJTIxMnNVJTI1QzMlMjVBN2Frc2F2YXIlMkJTaXRlc2klMkJZJTI1QzMlMjVCNm5ldGltaSUyMTVlMCUyMTNtMiUyMTFzdHIlMjEyc3RyJTIxNHYxNTYxMjA0MzgxMTI1JTIxNW0yJTIxMXN0ciUyMTJzdHIlMjIlMjB3aWR0aCUzRCUyMjEwMCUyNSUyMiUyMGhlaWdodCUzRCUyMjQ1MCUyMiUyMGZyYW1lYm9yZGVyJTNEJTIyMCUyMiUyMHN0eWxlJTNEJTIyYm9yZGVyJTNBMCUyMiUyMGFsbG93ZnVsbHNjcmVlbiUzRSUzQyUyRmlmcmFtZSUzRQ==&#8221;][\/vc_column][\/vc_row]<\/p>\n<\/div>","protected":false},"excerpt":{"rendered":"<p>[vc_row equal_height=&#8221;yes&#8221; content_placement=&#8221;middle&#8221; css=&#8221;.vc_custom_1531331622149{margin-top: 0px !important;padding-top: 20px !important;padding-bottom: 80px !important;}&#8221;][vc_column width=&#8221;1\/2&#8243;][apress_heading sub_title=&#8221;&#8221; content_alignment=&#8221;left&#8221; enable_delimiter=&#8221;&#8221; color_scheme=&#8221;design_your_own&#8221; main_heading_color=&#8221;#333333&#8243; style=&#8221;heading_style1&#8243; title_font_options=&#8221;tag:h2|letter_spacing:1|font_style_bold:1&#8243; subtitle_font_options=&#8221;tag:div|letter_spacing:1&#8243; subheading_margin=&#8221;margin-bottom:30&#8243; heading_margin=&#8221;margin-top:20|margin-bottom:20&#8243;]U\u00e7aksavar Sitesi[\/apress_heading][vc_column_text] U\u00e7aksavar Sitesi, \u0130stanbulun en de\u011ferli semtlerinden Be\u015fikta\u015f il\u00e7esi Etiler Mahallesinde, Bo\u011fazi\u00e7i \u00dcniversitesine, Fatih Sultan Mehmet, 15 Temmuz \u015eehitler&hellip;<\/p>\n","protected":false},"author":1,"featured_media":0,"parent":0,"menu_order":0,"comment_status":"closed","ping_status":"closed","template":"","meta":{"footnotes":""},"class_list":["post-228","page","type-page","status-publish","hentry"],"_links":{"self":[{"href":"https:\/\/www.ucaksavarsitesi1959.com\/index.php\/wp-json\/wp\/v2\/pages\/228","targetHints":{"allow":["GET"]}}],"collection":[{"href":"https:\/\/www.ucaksavarsitesi1959.com\/index.php\/wp-json\/wp\/v2\/pages"}],"about":[{"href":"https:\/\/www.ucaksavarsitesi1959.com\/index.php\/wp-json\/wp\/v2\/types\/page"}],"author":[{"embeddable":true,"href":"https:\/\/www.ucaksavarsitesi1959.com\/index.php\/wp-json\/wp\/v2\/users\/1"}],"replies":[{"embeddable":true,"href":"https:\/\/www.ucaksavarsitesi1959.com\/index.php\/wp-json\/wp\/v2\/comments?post=228"}],"version-history":[{"count":62,"href":"https:\/\/www.ucaksavarsitesi1959.com\/index.php\/wp-json\/wp\/v2\/pages\/228\/revisions"}],"predecessor-version":[{"id":1761,"href":"https:\/\/www.ucaksavarsitesi1959.com\/index.php\/wp-json\/wp\/v2\/pages\/228\/revisions\/1761"}],"wp:attachment":[{"href":"https:\/\/www.ucaksavarsitesi1959.com\/index.php\/wp-json\/wp\/v2\/media?parent=228"}],"curies":[{"name":"wp","href":"https:\/\/api.w.org\/{rel}","templated":true}]}}