{"id":1942,"date":"2025-12-10T10:04:31","date_gmt":"2025-12-10T07:04:31","guid":{"rendered":"https:\/\/www.ucaksavarsitesi1959.com\/?page_id=1942"},"modified":"2025-12-10T10:04:31","modified_gmt":"2025-12-10T07:04:31","slug":"islem-basarili","status":"publish","type":"page","link":"https:\/\/www.ucaksavarsitesi1959.com\/index.php\/islem-basarili\/","title":{"rendered":"\u0130\u015flem Ba\u015far\u0131l\u0131"},"content":{"rendered":"<p><a href=\"https:\/\/www.ucaksavarsitesi1959.com\/\">\u0130\u015flem ba\u015fa\u015far\u0131l\u0131. Anasayfaya d\u00f6nmek i\u00e7in t\u0131klay\u0131n\u0131z.<\/a><\/p>\n","protected":false},"excerpt":{"rendered":"<p>\u0130\u015flem ba\u015fa\u015far\u0131l\u0131. Anasayfaya d\u00f6nmek i\u00e7in t\u0131klay\u0131n\u0131z.<\/p>\n","protected":false},"author":1,"featured_media":0,"parent":0,"menu_order":0,"comment_status":"closed","ping_status":"closed","template":"","meta":{"footnotes":""},"class_list":["post-1942","page","type-page","status-publish","hentry"],"_links":{"self":[{"href":"https:\/\/www.ucaksavarsitesi1959.com\/index.php\/wp-json\/wp\/v2\/pages\/1942","targetHints":{"allow":["GET"]}}],"collection":[{"href":"https:\/\/www.ucaksavarsitesi1959.com\/index.php\/wp-json\/wp\/v2\/pages"}],"about":[{"href":"https:\/\/www.ucaksavarsitesi1959.com\/index.php\/wp-json\/wp\/v2\/types\/page"}],"author":[{"embeddable":true,"href":"https:\/\/www.ucaksavarsitesi1959.com\/index.php\/wp-json\/wp\/v2\/users\/1"}],"replies":[{"embeddable":true,"href":"https:\/\/www.ucaksavarsitesi1959.com\/index.php\/wp-json\/wp\/v2\/comments?post=1942"}],"version-history":[{"count":1,"href":"https:\/\/www.ucaksavarsitesi1959.com\/index.php\/wp-json\/wp\/v2\/pages\/1942\/revisions"}],"predecessor-version":[{"id":1943,"href":"https:\/\/www.ucaksavarsitesi1959.com\/index.php\/wp-json\/wp\/v2\/pages\/1942\/revisions\/1943"}],"wp:attachment":[{"href":"https:\/\/www.ucaksavarsitesi1959.com\/index.php\/wp-json\/wp\/v2\/media?parent=1942"}],"curies":[{"name":"wp","href":"https:\/\/api.w.org\/{rel}","templated":true}]}}