{"id":1230,"date":"2019-07-15T11:23:44","date_gmt":"2019-07-15T08:23:44","guid":{"rendered":"https:\/\/www.ucaksavarsitesi1959.com\/?page_id=1230"},"modified":"2019-07-15T15:36:43","modified_gmt":"2019-07-15T12:36:43","slug":"uye-sifre-degistir","status":"publish","type":"page","link":"https:\/\/www.ucaksavarsitesi1959.com\/index.php\/uye-sifre-degistir\/","title":{"rendered":"\u00dcye Sayfas\u0131"},"content":{"rendered":"<div class=\"wpb-content-wrapper\"><p>[vc_row][vc_column width=&#8221;1\/2&#8243;][apress_heading sub_title=&#8221;&#8221; content_alignment=&#8221;left&#8221; delimiter_line_height=&#8221;1&#8243; delimiter_line_width=&#8221;300&#8243; style=&#8221;heading_style1&#8243; title_font_options=&#8221;tag:h4&#8243; subtitle_font_options=&#8221;tag:div&#8221;]\u015eifre De\u011fi\u015ftir[\/apress_heading]<div class=\"apress-spacer spacer-69e0da3c2346c\" data-id=\"69e0da3c2346c\" data-height=\"10\" data-height-mobile=\"10\" data-height-tab=\"10\" data-height-tab-portrait=\"\" data-height-mobile-landscape=\"\" style=\"clear:both;display:block;\"><\/div>[\/vc_column][vc_column width=&#8221;1\/2&#8243;][apress_heading sub_title=&#8221;&#8221; content_alignment=&#8221;left&#8221; delimiter_line_height=&#8221;1&#8243; delimiter_line_width=&#8221;300&#8243; style=&#8221;heading_style1&#8243; title_font_options=&#8221;tag:h4&#8243; subtitle_font_options=&#8221;tag:div&#8221;]Sistemden \u00c7\u0131k\u0131\u015f Yap[\/apress_heading]<div class=\"apress-spacer spacer-69e0da3c2360d\" data-id=\"69e0da3c2360d\" data-height=\"10\" data-height-mobile=\"10\" data-height-tab=\"10\" data-height-tab-portrait=\"\" data-height-mobile-landscape=\"\" style=\"clear:both;display:block;\"><\/div>[\/vc_column][\/vc_row][vc_row][vc_column][\/vc_column][\/vc_row]<\/p>\n<\/div>","protected":false},"excerpt":{"rendered":"<p>[vc_row][vc_column width=&#8221;1\/2&#8243;][apress_heading sub_title=&#8221;&#8221; content_alignment=&#8221;left&#8221; delimiter_line_height=&#8221;1&#8243; delimiter_line_width=&#8221;300&#8243; style=&#8221;heading_style1&#8243; title_font_options=&#8221;tag:h4&#8243; subtitle_font_options=&#8221;tag:div&#8221;]\u015eifre De\u011fi\u015ftir[\/apress_heading][\/vc_column][vc_column width=&#8221;1\/2&#8243;][apress_heading sub_title=&#8221;&#8221; content_alignment=&#8221;left&#8221; delimiter_line_height=&#8221;1&#8243; delimiter_line_width=&#8221;300&#8243; style=&#8221;heading_style1&#8243; title_font_options=&#8221;tag:h4&#8243; subtitle_font_options=&#8221;tag:div&#8221;]Sistemden \u00c7\u0131k\u0131\u015f Yap[\/apress_heading][\/vc_column][\/vc_row][vc_row][vc_column][\/vc_column][\/vc_row]<\/p>\n","protected":false},"author":1,"featured_media":0,"parent":0,"menu_order":0,"comment_status":"closed","ping_status":"closed","template":"","meta":{"footnotes":""},"class_list":["post-1230","page","type-page","status-publish","hentry"],"_links":{"self":[{"href":"https:\/\/www.ucaksavarsitesi1959.com\/index.php\/wp-json\/wp\/v2\/pages\/1230","targetHints":{"allow":["GET"]}}],"collection":[{"href":"https:\/\/www.ucaksavarsitesi1959.com\/index.php\/wp-json\/wp\/v2\/pages"}],"about":[{"href":"https:\/\/www.ucaksavarsitesi1959.com\/index.php\/wp-json\/wp\/v2\/types\/page"}],"author":[{"embeddable":true,"href":"https:\/\/www.ucaksavarsitesi1959.com\/index.php\/wp-json\/wp\/v2\/users\/1"}],"replies":[{"embeddable":true,"href":"https:\/\/www.ucaksavarsitesi1959.com\/index.php\/wp-json\/wp\/v2\/comments?post=1230"}],"version-history":[{"count":12,"href":"https:\/\/www.ucaksavarsitesi1959.com\/index.php\/wp-json\/wp\/v2\/pages\/1230\/revisions"}],"predecessor-version":[{"id":1251,"href":"https:\/\/www.ucaksavarsitesi1959.com\/index.php\/wp-json\/wp\/v2\/pages\/1230\/revisions\/1251"}],"wp:attachment":[{"href":"https:\/\/www.ucaksavarsitesi1959.com\/index.php\/wp-json\/wp\/v2\/media?parent=1230"}],"curies":[{"name":"wp","href":"https:\/\/api.w.org\/{rel}","templated":true}]}}